{"id":16,"date":"2019-06-14T09:01:37","date_gmt":"2019-06-14T07:01:37","guid":{"rendered":"http:\/\/i.qls.pl\/_pages_www\/kolo_bor\/?page_id=16"},"modified":"2022-04-07T08:48:52","modified_gmt":"2022-04-07T06:48:52","slug":"obwody-lowieckie","status":"publish","type":"page","link":"https:\/\/kolobor.pl\/index.php\/obwody-lowieckie\/","title":{"rendered":"Obwody \u0142owieckie"},"content":{"rendered":"\n<p>Aktualne i zawsze obowi\u0105zuj\u0105ce obwody oraz granice rejon\u00f3w s\u0105 zaznaczone w aplikacji EKEP, na naszej stronie publikujemy jedynie pogl\u0105dowe obrazy. <\/p>\n\n\n\n<div class=\"wp-block-columns has-3-columns is-layout-flex wp-container-core-columns-is-layout-9d6595d7 wp-block-columns-is-layout-flex\">\n<div class=\"wp-block-column is-layout-flow wp-block-column-is-layout-flow\">\n<h4 class=\"has-text-align-center wp-block-heading\">Obw\u00f3d 138<\/h4>\n\n\n\n<p class=\"has-text-align-center\">stra\u017cnik \u0142owiecki: <br><strong>Krzysztof Konieczka<\/strong><\/p>\n\n\n\n<div class=\"wp-block-image\"><figure class=\"aligncenter\"><a href=\"https:\/\/kolobor.pl\/wp-content\/uploads\/2021\/04\/138-nowe.pdf\"><img loading=\"lazy\" decoding=\"async\" width=\"97\" height=\"129\" src=\"http:\/\/i.qls.pl\/_pages_www\/kolo_bor\/wp-content\/uploads\/2019\/06\/138a.jpg\" alt=\"\" class=\"wp-image-63\"\/><\/a><\/figure><\/div>\n<\/div>\n\n\n\n<div class=\"wp-block-column is-layout-flow wp-block-column-is-layout-flow\">\n<h4 class=\"has-text-align-center wp-block-heading\">Obw\u00f3d 184<\/h4>\n\n\n\n<p class=\"has-text-align-center\">stra\u017cnik \u0142owiecki: <br><strong>Mariusz Miko\u0142ajczak<\/strong><\/p>\n\n\n\n<div class=\"wp-block-image\"><figure class=\"aligncenter\"><a href=\"https:\/\/kolobor.pl\/wp-content\/uploads\/2022\/04\/mapa-184.jpg\"><img loading=\"lazy\" decoding=\"async\" width=\"97\" height=\"129\" src=\"http:\/\/i.qls.pl\/_pages_www\/kolo_bor\/wp-content\/uploads\/2019\/06\/184a.jpg\" alt=\"\" class=\"wp-image-64\"\/><\/a><\/figure><\/div>\n<\/div>\n<\/div>\n\n\n\n<p><\/p>\n","protected":false},"excerpt":{"rendered":"<p>Aktualne i zawsze obowi\u0105zuj\u0105ce obwody oraz granice rejon\u00f3w s\u0105 zaznaczone w aplikacji EKEP, na naszej stronie publikujemy jedynie pogl\u0105dowe obrazy. Obw\u00f3d 138 stra\u017cnik \u0142owiecki: Krzysztof Konieczka Obw\u00f3d 184 stra\u017cnik \u0142owiecki: Mariusz Miko\u0142ajczak<\/p>\n","protected":false},"author":1,"featured_media":0,"parent":0,"menu_order":0,"comment_status":"closed","ping_status":"closed","template":"","meta":{"footnotes":""},"class_list":["post-16","page","type-page","status-publish","hentry"],"_links":{"self":[{"href":"https:\/\/kolobor.pl\/index.php\/wp-json\/wp\/v2\/pages\/16","targetHints":{"allow":["GET"]}}],"collection":[{"href":"https:\/\/kolobor.pl\/index.php\/wp-json\/wp\/v2\/pages"}],"about":[{"href":"https:\/\/kolobor.pl\/index.php\/wp-json\/wp\/v2\/types\/page"}],"author":[{"embeddable":true,"href":"https:\/\/kolobor.pl\/index.php\/wp-json\/wp\/v2\/users\/1"}],"replies":[{"embeddable":true,"href":"https:\/\/kolobor.pl\/index.php\/wp-json\/wp\/v2\/comments?post=16"}],"version-history":[{"count":13,"href":"https:\/\/kolobor.pl\/index.php\/wp-json\/wp\/v2\/pages\/16\/revisions"}],"predecessor-version":[{"id":1279,"href":"https:\/\/kolobor.pl\/index.php\/wp-json\/wp\/v2\/pages\/16\/revisions\/1279"}],"wp:attachment":[{"href":"https:\/\/kolobor.pl\/index.php\/wp-json\/wp\/v2\/media?parent=16"}],"curies":[{"name":"wp","href":"https:\/\/api.w.org\/{rel}","templated":true}]}}