{"id":18,"date":"2019-06-14T09:01:51","date_gmt":"2019-06-14T07:01:51","guid":{"rendered":"http:\/\/i.qls.pl\/_pages_www\/kolo_bor\/?page_id=18"},"modified":"2025-12-05T07:49:50","modified_gmt":"2025-12-05T06:49:50","slug":"do-pobrania","status":"publish","type":"page","link":"https:\/\/kolobor.pl\/index.php\/do-pobrania\/","title":{"rendered":"Do pobrania"},"content":{"rendered":"\n<h3 class=\"wp-block-heading\">Uchwa\u0142y K\u0141 B\u00f3r<\/h3>\n\n\n\n<ol class=\"wp-block-list\">\n<li><a href=\"https:\/\/kolobor.pl\/index.php\/uchwaly\/uchwaly-regulamin\/\">Regulamin Obrad Walnego Zgromadzenia Cz\u0142onk\u00f3w Ko\u0142a \u0141owieckiego \u201eB\u00d3R\u201d w Zielonej G\u00f3rze.<\/a><\/li>\n\n\n\n<li><a href=\"https:\/\/kolobor.pl\/wp-content\/uploads\/2025\/11\/ZBIOR-UCHWAL-2025-Tekst-jednolity.docx.pdf\">Zbi\u00f3r Uchwa\u0142 obowi\u0105zuj\u0105cych w Kole \u0141owieckim \u201eB\u00d3R\u201d Zielonej G\u00f3rze. &#8211; aktualizacja 2025<\/a><\/li>\n\n\n\n<li><a href=\"https:\/\/kolobor.pl\/wp-content\/uploads\/2024\/05\/REGULAMIN-DOMU-W-CHOCIMKU-wersja-poprawiona.pdf\">Regulamin domku my\u015bliwskiego w Chocimku<\/a><\/li>\n\n\n\n<li><a href=\"https:\/\/kolobor.pl\/wp-content\/uploads\/2025\/05\/REGULAMIN-KOMISJI-ODZANCZEN-LOWIECKICH-PRZY-KOLE-LOWIECKIM.pdf\">Regulamin Komisji odznaczen<\/a><\/li>\n<\/ol>\n\n\n\n<h3 class=\"wp-block-heading\">ASF<\/h3>\n\n\n\n<ul class=\"wp-block-list\">\n<li> <a href=\"https:\/\/kolobor.pl\/wp-content\/uploads\/2020\/01\/Zasady-wykonywania-sanitarnego-odstrza\u0142u-indywidualnego-dzik\u00f3w-w-strefie-ska\u017conej.pdf\">Zasady bioasekurcji podczas polowania sanitarnego <\/a><\/li>\n\n\n\n<li><a href=\"https:\/\/kolobor.pl\/wp-content\/uploads\/2020\/01\/bioasekuracja2.pdf\">Prezentacja na temat ASF i bioasekuracji<\/a><\/li>\n\n\n\n<li>Dokum<a href=\"https:\/\/kolobor.pl\/wp-content\/uploads\/2020\/01\/Za\u0142\u0105cznik-nr-1-DDE__18_12_17-1.doc\">ent dochodzenia epizootycznego<\/a><\/li>\n\n\n\n<li><a href=\"https:\/\/kolobor.pl\/wp-content\/uploads\/2020\/11\/SBR_20111314010.pdf\"><span class=\"has-inline-color has-vivid-red-color\">Zasady Post\u0119powania przy pozyskaniu dzika. NOWE !!!!<\/span><\/a><\/li>\n<\/ul>\n\n\n\n<h3 class=\"wp-block-heading\">Dokumenty<\/h3>\n\n\n\n<ul class=\"wp-block-list\">\n<li><a rel=\"noreferrer noopener\" aria-label=\" Ankieta my\u015bliwego\u2028 Deklaracja cz\u0142onkowska do PZ\u0141 (otwiera si\u0119 na nowej zak\u0142adce)\" href=\"http:\/\/i.qls.pl\/_pages_www\/kolo_bor\/wp-content\/uploads\/2019\/06\/Deklaracja-cz\u0142onkowska-do-PZ\u0141.pdf\" target=\"_blank\"> Ankieta my\u015bliwego<\/a><\/li>\n\n\n\n<li><a rel=\"noreferrer noopener\" aria-label=\" Ankieta my\u015bliwego\u2028 Deklaracja cz\u0142onkowska do PZ\u0141 (otwiera si\u0119 na nowej zak\u0142adce)\" href=\"http:\/\/i.qls.pl\/_pages_www\/kolo_bor\/wp-content\/uploads\/2019\/06\/Deklaracja-cz\u0142onkowska-do-PZ\u0141.pdf\" target=\"_blank\"> Deklaracja cz\u0142onkowska do PZ\u0141<\/a><\/li>\n\n\n\n<li> <a href=\"https:\/\/kolobor.pl\/wp-content\/uploads\/2020\/11\/Protokol-na-uzytek-wlasny-ver-od-03112020.pdf\" target=\"_blank\" rel=\"noreferrer noopener\">Protok\u00f3\u0142<\/a><\/li>\n\n\n\n<li> <a rel=\"noreferrer noopener\" aria-label=\" (otwiera si\u0119 na nowej zak\u0142adce)\" href=\"https:\/\/kolobor.pl\/wp-content\/uploads\/2020\/09\/deklaracja-czl-kola.pdf\" target=\"_blank\">Wniosek o przyj\u0119cie do K\u0141<\/a><\/li>\n\n\n\n<li><a href=\"https:\/\/kolobor.pl\/wp-content\/uploads\/2025\/12\/Wniosek-o-staz.pdf\" target=\"_blank\" rel=\"noreferrer noopener\">Wniosek o przyj\u0119cie na sta\u017c<\/a><\/li>\n\n\n\n<li><a href=\"https:\/\/kolobor.pl\/wp-content\/uploads\/2020\/03\/PROTOK\u00d3\u0141-PRAC-GOSPODARCZYCH.pdf\">Protok\u00f3\u0142 z prac gospodarczych<\/a><\/li>\n<\/ul>\n\n\n\n<h3 class=\"wp-block-heading\">Mapy RDLP <\/h3>\n\n\n\n<ul class=\"wp-block-list\">\n<li><a rel=\"noreferrer noopener\" aria-label=\"RDLP Brzozka (otwiera si\u0119 na nowej zak\u0142adce)\" href=\"https:\/\/kolobor.pl\/wp-content\/uploads\/2019\/06\/RDLPBrzozka.jpg\" target=\"_blank\">RDLP Brz\u00f3zka<\/a><\/li>\n\n\n\n<li><a rel=\"noreferrer noopener\" aria-label=\"RDLP Krzystkowice (otwiera si\u0119 na nowej zak\u0142adce)\" href=\"https:\/\/kolobor.pl\/wp-content\/uploads\/2019\/06\/RDLPKrzystkowice.jpg\" target=\"_blank\">RDLP Krzystkowice<\/a><\/li>\n\n\n\n<li><a href=\"https:\/\/kolobor.pl\/wp-content\/uploads\/2019\/06\/RDLPZGora.jpg\" target=\"_blank\" rel=\"noreferrer noopener\" aria-label=\"RDLP Zielona G\u00f3ra (otwiera si\u0119 na nowej zak\u0142adce)\">RDLP Zielona G\u00f3ra<\/a><\/li>\n<\/ul>\n\n\n\n<h3 class=\"wp-block-heading\">Schematy obwod\u00f3w <\/h3>\n\n\n\n<ul class=\"wp-block-list\">\n<li> <a rel=\"noreferrer noopener\" aria-label=\"Obw\u00f3d 138 (otwiera si\u0119 na nowej zak\u0142adce)\" href=\"https:\/\/kolobor.pl\/wp-content\/uploads\/2019\/06\/Obw\u00f3d-138.jpg\" target=\"_blank\">Obw\u00f3d 138<\/a><\/li>\n\n\n\n<li> <a rel=\"noreferrer noopener\" aria-label=\"Obw\u00f3d 184 (otwiera si\u0119 na nowej zak\u0142adce)\" href=\"https:\/\/kolobor.pl\/wp-content\/uploads\/2019\/06\/Obw\u00f3d-184.jpg\" target=\"_blank\">Obw\u00f3d 184<\/a> cz. 1<\/li>\n\n\n\n<li><a rel=\"noreferrer noopener\" aria-label=\" Obw\u00f3d 185 (otwiera si\u0119 na nowej zak\u0142adce)\" href=\"https:\/\/kolobor.pl\/wp-content\/uploads\/2019\/06\/Obw\u00f3d-185.jpg\" target=\"_blank\"> Obw\u00f3d 184<\/a> cz. 2<\/li>\n<\/ul>\n\n\n\n<h3 class=\"wp-block-heading\">Formularze wyceny trofe\u00f3w<\/h3>\n\n\n\n<ul class=\"wp-block-list\">\n<li><a href=\"https:\/\/kolobor.pl\/wp-content\/uploads\/2020\/09\/for_jele.xls\">Wieniec jelenia<\/a><\/li>\n\n\n\n<li><a href=\"https:\/\/kolobor.pl\/wp-content\/uploads\/2020\/09\/for_sar.xls\">Parostki koz\u0142a<\/a><\/li>\n\n\n\n<li><a href=\"https:\/\/kolobor.pl\/wp-content\/uploads\/2020\/09\/for_dzi.xls\">Or\u0119\u017c dzika<\/a><\/li>\n<\/ul>\n\n\n\n<h3 class=\"wp-block-heading\">Wnioski o odznaczenia K\u0141 B\u00f3r<\/h3>\n\n\n\n<ul class=\"wp-block-list\">\n<li><a href=\"https:\/\/kolobor.pl\/wp-content\/uploads\/2023\/09\/Wniosek_na_Medal_KL-BOR-projekt.pdf\">Wniosek do komisji odznacze\u0144 K\u0141 B\u00f3r &#8211; pdf<\/a><\/li>\n\n\n\n<li><a href=\"https:\/\/kolobor.pl\/wp-content\/uploads\/2023\/09\/Wniosek_na_Medal_KL-BOR-projekt.docx\">Wniosek do komisji odznacze\u0144 K\u0141 B\u00f3r &#8211; doc<\/a><\/li>\n<\/ul>\n\n\n\n<p><\/p>\n\n\n\n<p> Kilka uwag do formularzy<\/p>\n\n\n\n<ol class=\"wp-block-list\">\n<li>Mo\u017cliwe jest zapisanie formularza lub otwarcie go bezpo\u015brednio w przegl\u0105darce.<br>Uwaga: niekt\u00f3re przegl\u0105darki zawieszaj\u0105 system gdy zamyka si\u0119 je z otwartym arkuszem Excela. Przed zamkni\u0119ciem nale\u017cy wyj\u015b\u0107 z formularza.<\/li>\n\n\n\n<li>Aby dzia\u0142a\u0142y przyciski &#8222;Zeruj&#8221; i &#8222;Drukuj&#8221; musz\u0105 by\u0107 aktywne makra.<br>Na pytanie o w\u0142\u0105czenie makr nale\u017cy odpowiedzie\u0107 &#8222;Tak&#8221; lub &#8222;W\u0142\u0105cz makra&#8221;<br>lub &#8222;W\u0142\u0105cz t\u0119 zawarto\u015b\u0107&#8221; (w opcjach przy ostrze\u017ceniu o zabezpieczeniach).<\/li>\n\n\n\n<li>Mo\u017ce by\u0107 konieczna zmiana zabezpiecze\u0144 makr:<br>Starsze wersje Excela:<br>&gt; Narz\u0119dzia &gt; Makro &gt; Zabezpieczenia&#8230; &gt; Niskie<br>Excel 2007:<br>&gt; Opcje programu Excel &gt; Centrum zaufania &gt; Ustawienia centrum zaufania &gt; Ustawienia makr &gt; W\u0142\u0105cz wszystkie makra&#8230;<\/li>\n\n\n\n<li><strong>Wpisywanie danych mo\u017ce si\u0119 odbywa\u0107 tylko w kom\u00f3rkach z t\u0142em jasnozielonym.<\/strong><\/li>\n<\/ol>\n\n\n\n<ul class=\"wp-block-list\">\n<li><\/li>\n<\/ul>\n","protected":false},"excerpt":{"rendered":"<p>Uchwa\u0142y K\u0141 B\u00f3r ASF Dokumenty Mapy RDLP Schematy obwod\u00f3w Formularze wyceny trofe\u00f3w Wnioski o odznaczenia K\u0141 B\u00f3r Kilka uwag do formularzy<\/p>\n","protected":false},"author":1,"featured_media":0,"parent":0,"menu_order":0,"comment_status":"closed","ping_status":"closed","template":"","meta":{"footnotes":""},"class_list":["post-18","page","type-page","status-publish","hentry"],"_links":{"self":[{"href":"https:\/\/kolobor.pl\/index.php\/wp-json\/wp\/v2\/pages\/18","targetHints":{"allow":["GET"]}}],"collection":[{"href":"https:\/\/kolobor.pl\/index.php\/wp-json\/wp\/v2\/pages"}],"about":[{"href":"https:\/\/kolobor.pl\/index.php\/wp-json\/wp\/v2\/types\/page"}],"author":[{"embeddable":true,"href":"https:\/\/kolobor.pl\/index.php\/wp-json\/wp\/v2\/users\/1"}],"replies":[{"embeddable":true,"href":"https:\/\/kolobor.pl\/index.php\/wp-json\/wp\/v2\/comments?post=18"}],"version-history":[{"count":40,"href":"https:\/\/kolobor.pl\/index.php\/wp-json\/wp\/v2\/pages\/18\/revisions"}],"predecessor-version":[{"id":3148,"href":"https:\/\/kolobor.pl\/index.php\/wp-json\/wp\/v2\/pages\/18\/revisions\/3148"}],"wp:attachment":[{"href":"https:\/\/kolobor.pl\/index.php\/wp-json\/wp\/v2\/media?parent=18"}],"curies":[{"name":"wp","href":"https:\/\/api.w.org\/{rel}","templated":true}]}}