{"id":73,"date":"2019-06-14T10:55:16","date_gmt":"2019-06-14T08:55:16","guid":{"rendered":"http:\/\/i.qls.pl\/_pages_www\/kolo_bor\/?page_id=73"},"modified":"2019-06-14T12:40:43","modified_gmt":"2019-06-14T10:40:43","slug":"obwod-185","status":"publish","type":"page","link":"https:\/\/kolobor.pl\/index.php\/obwody-lowieckie\/obwod-185\/","title":{"rendered":"Obw\u00f3d 185"},"content":{"rendered":"\n<p><strong>Stra\u017cnik \u0142owiecki:<\/strong> Jan Kaczorek<\/p>\n\n\n\n<p><a href=\"https:\/\/www.google.com\/maps\/d\/viewer?mid=1O1-7oAvtXyeIYBRZrsFu7a42DJ8&amp;hl=pl&amp;\" target=\"_blank\" rel=\"noreferrer noopener\" aria-label=\" (otwiera si\u0119 na nowej zak\u0142adce)\">Otw\u00f3rz map\u0119 w nowym oknie<\/a><\/p>\n\n\n\n<iframe loading=\"lazy\" src=\"https:\/\/maps.google.com\/maps\/ms?msa=0&amp;msid=209903726768406135605.0004daa44cee05a693427&amp;hl=pl&amp;ie=UTF8&amp;t=h&amp;ll=51.824745,15.021744&amp;spn=0.148538,0.137329&amp;z=12&amp;output=embed\" class=\"map_embed\" scrolling=\"no\" width=\"600\" height=\"600\" frameborder=\"0\"><\/iframe>\n\n\n\n<p><br><\/p>\n","protected":false},"excerpt":{"rendered":"<p>Stra\u017cnik \u0142owiecki: Jan Kaczorek Otw\u00f3rz map\u0119 w nowym oknie<\/p>\n","protected":false},"author":1,"featured_media":0,"parent":16,"menu_order":3,"comment_status":"closed","ping_status":"closed","template":"","meta":{"footnotes":""},"class_list":["post-73","page","type-page","status-publish","hentry"],"_links":{"self":[{"href":"https:\/\/kolobor.pl\/index.php\/wp-json\/wp\/v2\/pages\/73","targetHints":{"allow":["GET"]}}],"collection":[{"href":"https:\/\/kolobor.pl\/index.php\/wp-json\/wp\/v2\/pages"}],"about":[{"href":"https:\/\/kolobor.pl\/index.php\/wp-json\/wp\/v2\/types\/page"}],"author":[{"embeddable":true,"href":"https:\/\/kolobor.pl\/index.php\/wp-json\/wp\/v2\/users\/1"}],"replies":[{"embeddable":true,"href":"https:\/\/kolobor.pl\/index.php\/wp-json\/wp\/v2\/comments?post=73"}],"version-history":[{"count":2,"href":"https:\/\/kolobor.pl\/index.php\/wp-json\/wp\/v2\/pages\/73\/revisions"}],"predecessor-version":[{"id":96,"href":"https:\/\/kolobor.pl\/index.php\/wp-json\/wp\/v2\/pages\/73\/revisions\/96"}],"up":[{"embeddable":true,"href":"https:\/\/kolobor.pl\/index.php\/wp-json\/wp\/v2\/pages\/16"}],"wp:attachment":[{"href":"https:\/\/kolobor.pl\/index.php\/wp-json\/wp\/v2\/media?parent=73"}],"curies":[{"name":"wp","href":"https:\/\/api.w.org\/{rel}","templated":true}]}}