{"id":903,"date":"2020-04-20T20:28:22","date_gmt":"2020-04-20T18:28:22","guid":{"rendered":"http:\/\/kolobor.pl\/?page_id=903"},"modified":"2026-02-02T10:22:35","modified_gmt":"2026-02-02T09:22:35","slug":"sprzedaz-bezposrednia","status":"publish","type":"page","link":"https:\/\/kolobor.pl\/index.php\/sprzedaz-bezposrednia\/","title":{"rendered":"Sprzeda\u017c dziczyzny"},"content":{"rendered":"\n<p><em>Mamy dziczyzn\u0119 w naszym kole prosto na Tw\u00f3j st\u00f3\u0142.<\/em><\/p>\n\n\n\n<figure class=\"wp-block-image\"><img loading=\"lazy\" decoding=\"async\" width=\"940\" height=\"626\" src=\"https:\/\/kolobor.pl\/wp-content\/uploads\/2020\/04\/081761_r0_940.jpg\" alt=\"\" class=\"wp-image-900\" srcset=\"https:\/\/kolobor.pl\/wp-content\/uploads\/2020\/04\/081761_r0_940.jpg 940w, https:\/\/kolobor.pl\/wp-content\/uploads\/2020\/04\/081761_r0_940-300x200.jpg 300w, https:\/\/kolobor.pl\/wp-content\/uploads\/2020\/04\/081761_r0_940-768x511.jpg 768w\" sizes=\"auto, (max-width: 767px) 89vw, (max-width: 1000px) 54vw, (max-width: 1071px) 543px, 580px\" \/><\/figure>\n\n\n\n<p>W&nbsp;naszym<strong> Kole \u0141owieckim &#8222;B\u00f3r&#8221; <\/strong>&nbsp;prowadzona jest&nbsp;<strong>sprzeda\u017c bezpo\u015brednia<\/strong> tusz nieosk\u00f3rowanych grubej zwierzyny \u0142ownej tj. jeleni,  saren oraz dzik\u00f3w w ni\u017cej wymienionych cenach:<\/p>\n\n\n\n<ul class=\"wp-block-list\">\n<li>jele\u0144,  &#8211; 16,50 z\u0142 \/ kg<\/li>\n\n\n\n<li>sarna &#8211; 20,00 z\u0142 \/ kg<\/li>\n\n\n\n<li>dzik: 10 z\u0142 \/kg<\/li>\n<\/ul>\n\n\n\n<p>Do powy\u017cszych cen doliczony zostanie podatek VAT, obowi\u0105zuj\u0105cy w dniu zakupu.<\/p>\n\n\n\n<p><\/p>\n\n\n\n<p>Weterynaryjny numer identyfikacyjny:  <strong>08625617<\/strong><\/p>\n\n\n\n<p>Zapraszamy wszystkich my\u015bliwych oraz sympatyk\u00f3w \u0142owiectwa do korzystania z naszej oferty.<\/p>\n\n\n\n<p>De<a href=\"https:\/\/kolobor.pl\/wp-content\/uploads\/2020\/04\/Skan-20.04.2020-1.pdf\">cyzja Powiatowej Lekarz Weterynarii w Zielonej G\u00f3rze<\/a><br><\/p>\n","protected":false},"excerpt":{"rendered":"<p>Mamy dziczyzn\u0119 w naszym kole prosto na Tw\u00f3j st\u00f3\u0142. W&nbsp;naszym Kole \u0141owieckim &#8222;B\u00f3r&#8221; &nbsp;prowadzona jest&nbsp;sprzeda\u017c bezpo\u015brednia tusz nieosk\u00f3rowanych grubej zwierzyny \u0142ownej tj. jeleni, saren oraz dzik\u00f3w w ni\u017cej wymienionych cenach: Do powy\u017cszych cen doliczony zostanie podatek VAT, obowi\u0105zuj\u0105cy w dniu zakupu. Weterynaryjny numer identyfikacyjny: 08625617 Zapraszamy wszystkich my\u015bliwych oraz sympatyk\u00f3w \u0142owiectwa do korzystania z naszej &hellip; <\/p>\n<p class=\"link-more\"><a href=\"https:\/\/kolobor.pl\/index.php\/sprzedaz-bezposrednia\/\" class=\"more-link\">Czytaj dalej<span class=\"screen-reader-text\"> \u201eSprzeda\u017c dziczyzny\u201d<\/span><\/a><\/p>\n","protected":false},"author":5,"featured_media":0,"parent":0,"menu_order":0,"comment_status":"closed","ping_status":"closed","template":"","meta":{"footnotes":""},"class_list":["post-903","page","type-page","status-publish","hentry"],"_links":{"self":[{"href":"https:\/\/kolobor.pl\/index.php\/wp-json\/wp\/v2\/pages\/903","targetHints":{"allow":["GET"]}}],"collection":[{"href":"https:\/\/kolobor.pl\/index.php\/wp-json\/wp\/v2\/pages"}],"about":[{"href":"https:\/\/kolobor.pl\/index.php\/wp-json\/wp\/v2\/types\/page"}],"author":[{"embeddable":true,"href":"https:\/\/kolobor.pl\/index.php\/wp-json\/wp\/v2\/users\/5"}],"replies":[{"embeddable":true,"href":"https:\/\/kolobor.pl\/index.php\/wp-json\/wp\/v2\/comments?post=903"}],"version-history":[{"count":13,"href":"https:\/\/kolobor.pl\/index.php\/wp-json\/wp\/v2\/pages\/903\/revisions"}],"predecessor-version":[{"id":3245,"href":"https:\/\/kolobor.pl\/index.php\/wp-json\/wp\/v2\/pages\/903\/revisions\/3245"}],"wp:attachment":[{"href":"https:\/\/kolobor.pl\/index.php\/wp-json\/wp\/v2\/media?parent=903"}],"curies":[{"name":"wp","href":"https:\/\/api.w.org\/{rel}","templated":true}]}}